{"id":88785,"date":"2024-05-29T13:42:13","date_gmt":"2024-05-29T13:42:13","guid":{"rendered":"https:\/\/torre.pt\/convocatoria-junta-del-30-06-2024-torre-confecciones-sl\/"},"modified":"2025-03-13T10:44:10","modified_gmt":"2025-03-13T10:44:10","slug":"convocatoria-junta-del-31-03-2025-torre-confecciones-sl","status":"publish","type":"page","link":"https:\/\/torre.pt\/en\/convocatoria-junta-del-31-03-2025-torre-confecciones-sl\/","title":{"rendered":"Convocat\u00f3ria Junta del 31\/03\/2025 Torre Confecciones, SL"},"content":{"rendered":"<p>[vc_row][vc_column column_width_percent=&#8221;100&#8243; gutter_size=&#8221;3&#8243; overlay_alpha=&#8221;50&#8243; shift_x=&#8221;0&#8243; shift_y=&#8221;0&#8243; shift_y_down=&#8221;0&#8243; z_index=&#8221;0&#8243; medium_width=&#8221;0&#8243; mobile_width=&#8221;0&#8243;][vc_custom_heading text_space=&#8221;fontspace-781688&#8243;]Convocat\u00f3ria Junta del 31\/03\/2025 Torre Confecciones, SL[\/vc_custom_heading][vc_column_text]<div id=\"wppdfemb-frame-container-2\"><iframe id=\"wppdf-emb-iframe-2\" scrolling=\"no\" data-pdf-index=\"2\" class=\"pdfembed-iframe nonfullscreen\" style=\"border: none; width:100%; max-width: 100%; min-height: 1000px;\" src=\"https:\/\/torre.pt\/en\/?url=https%3A%2F%2Ftorre.pt%2Fwp-content%2Fuploads%2F2025%2F03%2FConvocatoria-Junta-del-31-03-2025-Torre-Confecciones-SL.pdf&title=Convocat%C3%B3ria+Junta+del+31+03+2025+Torre+Confecciones+SL&pdfID=2&index=2\" ><\/iframe><\/div>[\/vc_column_text][\/vc_column][\/vc_row]<\/p>\n","protected":false},"excerpt":{"rendered":"<p>[vc_row][vc_column column_width_percent=&#8221;100&#8243; gutter_size=&#8221;3&#8243; overlay_alpha=&#8221;50&#8243; shift_x=&#8221;0&#8243; shift_y=&#8221;0&#8243; shift_y_down=&#8221;0&#8243; z_index=&#8221;0&#8243; medium_width=&#8221;0&#8243; mobile_width=&#8221;0&#8243;][vc_custom_heading text_space=&#8221;fontspace-781688&#8243;]Convocat\u00f3ria Junta del 31\/03\/2025 Torre Confecciones, SL[\/vc_custom_heading][vc_column_text][\/vc_column_text][\/vc_column][\/vc_row]<\/p>\n","protected":false},"author":1,"featured_media":0,"parent":0,"menu_order":0,"comment_status":"closed","ping_status":"closed","template":"","meta":{"content-type":"","footnotes":""},"class_list":["post-88785","page","type-page","status-publish","hentry"],"yoast_head":"<!-- This site is optimized with the Yoast SEO plugin v22.8 - https:\/\/yoast.com\/wordpress\/plugins\/seo\/ -->\n<title>Convocat\u00f3ria Junta del 31\/03\/2025 Torre Confecciones, SL - Torre<\/title>\n<meta name=\"robots\" content=\"index, follow, max-snippet:-1, max-image-preview:large, max-video-preview:-1\" \/>\n<link rel=\"canonical\" href=\"https:\/\/torre.pt\/en\/convocatoria-junta-del-31-03-2025-torre-confecciones-sl\/\" \/>\n<meta property=\"og:locale\" content=\"en_US\" \/>\n<meta property=\"og:type\" content=\"article\" \/>\n<meta property=\"og:title\" content=\"Convocat\u00f3ria Junta del 31\/03\/2025 Torre Confecciones, SL - Torre\" \/>\n<meta property=\"og:description\" content=\"[vc_row][vc_column column_width_percent=&#8221;100&#8243; gutter_size=&#8221;3&#8243; overlay_alpha=&#8221;50&#8243; shift_x=&#8221;0&#8243; shift_y=&#8221;0&#8243; shift_y_down=&#8221;0&#8243; z_index=&#8221;0&#8243; medium_width=&#8221;0&#8243; mobile_width=&#8221;0&#8243;][vc_custom_heading text_space=&#8221;fontspace-781688&#8243;]Convocat\u00f3ria Junta del 31\/03\/2025 Torre Confecciones, SL[\/vc_custom_heading][vc_column_text][\/vc_column_text][\/vc_column][\/vc_row]\" \/>\n<meta property=\"og:url\" content=\"https:\/\/torre.pt\/en\/convocatoria-junta-del-31-03-2025-torre-confecciones-sl\/\" \/>\n<meta property=\"og:site_name\" content=\"Torre\" \/>\n<meta property=\"article:modified_time\" content=\"2025-03-13T10:44:10+00:00\" \/>\n<meta name=\"twitter:card\" content=\"summary_large_image\" \/>\n<meta name=\"twitter:label1\" content=\"Est. reading time\" \/>\n\t<meta name=\"twitter:data1\" content=\"1 minute\" \/>\n<script type=\"application\/ld+json\" class=\"yoast-schema-graph\">{\"@context\":\"https:\/\/schema.org\",\"@graph\":[{\"@type\":\"WebPage\",\"@id\":\"https:\/\/torre.pt\/en\/convocatoria-junta-del-31-03-2025-torre-confecciones-sl\/\",\"url\":\"https:\/\/torre.pt\/en\/convocatoria-junta-del-31-03-2025-torre-confecciones-sl\/\",\"name\":\"Convocat\u00f3ria Junta del 31\/03\/2025 Torre Confecciones, SL - Torre\",\"isPartOf\":{\"@id\":\"https:\/\/torre.pt\/#website\"},\"datePublished\":\"2024-05-29T13:42:13+00:00\",\"dateModified\":\"2025-03-13T10:44:10+00:00\",\"breadcrumb\":{\"@id\":\"https:\/\/torre.pt\/en\/convocatoria-junta-del-31-03-2025-torre-confecciones-sl\/#breadcrumb\"},\"inLanguage\":\"en-US\",\"potentialAction\":[{\"@type\":\"ReadAction\",\"target\":[\"https:\/\/torre.pt\/en\/convocatoria-junta-del-31-03-2025-torre-confecciones-sl\/\"]}]},{\"@type\":\"BreadcrumbList\",\"@id\":\"https:\/\/torre.pt\/en\/convocatoria-junta-del-31-03-2025-torre-confecciones-sl\/#breadcrumb\",\"itemListElement\":[{\"@type\":\"ListItem\",\"position\":1,\"name\":\"In\u00edcio\",\"item\":\"https:\/\/torre.pt\/en\/\"},{\"@type\":\"ListItem\",\"position\":2,\"name\":\"Convocat\u00f3ria Junta del 31\/03\/2025 Torre Confecciones, SL\"}]},{\"@type\":\"WebSite\",\"@id\":\"https:\/\/torre.pt\/#website\",\"url\":\"https:\/\/torre.pt\/\",\"name\":\"Torre\",\"description\":\"Especialista no desenvolvimento, produ\u00e7\u00e3o e revenda de vestu\u00e1rio masculino e feminino para o Mercado europeu.\",\"publisher\":{\"@id\":\"https:\/\/torre.pt\/#organization\"},\"potentialAction\":[{\"@type\":\"SearchAction\",\"target\":{\"@type\":\"EntryPoint\",\"urlTemplate\":\"https:\/\/torre.pt\/?s={search_term_string}\"},\"query-input\":\"required name=search_term_string\"}],\"inLanguage\":\"en-US\"},{\"@type\":\"Organization\",\"@id\":\"https:\/\/torre.pt\/#organization\",\"name\":\"Torre Fashion Group\",\"url\":\"https:\/\/torre.pt\/\",\"logo\":{\"@type\":\"ImageObject\",\"inLanguage\":\"en-US\",\"@id\":\"https:\/\/torre.pt\/#\/schema\/logo\/image\/\",\"url\":\"https:\/\/torre.pt\/wp-content\/uploads\/2021\/05\/torre_logo.png\",\"contentUrl\":\"https:\/\/torre.pt\/wp-content\/uploads\/2021\/05\/torre_logo.png\",\"width\":510,\"height\":202,\"caption\":\"Torre Fashion Group\"},\"image\":{\"@id\":\"https:\/\/torre.pt\/#\/schema\/logo\/image\/\"}}]}<\/script>\n<!-- \/ Yoast SEO plugin. -->","yoast_head_json":{"title":"Convocat\u00f3ria Junta del 31\/03\/2025 Torre Confecciones, SL - Torre","robots":{"index":"index","follow":"follow","max-snippet":"max-snippet:-1","max-image-preview":"max-image-preview:large","max-video-preview":"max-video-preview:-1"},"canonical":"https:\/\/torre.pt\/en\/convocatoria-junta-del-31-03-2025-torre-confecciones-sl\/","og_locale":"en_US","og_type":"article","og_title":"Convocat\u00f3ria Junta del 31\/03\/2025 Torre Confecciones, SL - Torre","og_description":"[vc_row][vc_column column_width_percent=&#8221;100&#8243; gutter_size=&#8221;3&#8243; overlay_alpha=&#8221;50&#8243; shift_x=&#8221;0&#8243; shift_y=&#8221;0&#8243; shift_y_down=&#8221;0&#8243; z_index=&#8221;0&#8243; medium_width=&#8221;0&#8243; mobile_width=&#8221;0&#8243;][vc_custom_heading text_space=&#8221;fontspace-781688&#8243;]Convocat\u00f3ria Junta del 31\/03\/2025 Torre Confecciones, SL[\/vc_custom_heading][vc_column_text][\/vc_column_text][\/vc_column][\/vc_row]","og_url":"https:\/\/torre.pt\/en\/convocatoria-junta-del-31-03-2025-torre-confecciones-sl\/","og_site_name":"Torre","article_modified_time":"2025-03-13T10:44:10+00:00","twitter_card":"summary_large_image","twitter_misc":{"Est. reading time":"1 minute"},"schema":{"@context":"https:\/\/schema.org","@graph":[{"@type":"WebPage","@id":"https:\/\/torre.pt\/en\/convocatoria-junta-del-31-03-2025-torre-confecciones-sl\/","url":"https:\/\/torre.pt\/en\/convocatoria-junta-del-31-03-2025-torre-confecciones-sl\/","name":"Convocat\u00f3ria Junta del 31\/03\/2025 Torre Confecciones, SL - Torre","isPartOf":{"@id":"https:\/\/torre.pt\/#website"},"datePublished":"2024-05-29T13:42:13+00:00","dateModified":"2025-03-13T10:44:10+00:00","breadcrumb":{"@id":"https:\/\/torre.pt\/en\/convocatoria-junta-del-31-03-2025-torre-confecciones-sl\/#breadcrumb"},"inLanguage":"en-US","potentialAction":[{"@type":"ReadAction","target":["https:\/\/torre.pt\/en\/convocatoria-junta-del-31-03-2025-torre-confecciones-sl\/"]}]},{"@type":"BreadcrumbList","@id":"https:\/\/torre.pt\/en\/convocatoria-junta-del-31-03-2025-torre-confecciones-sl\/#breadcrumb","itemListElement":[{"@type":"ListItem","position":1,"name":"In\u00edcio","item":"https:\/\/torre.pt\/en\/"},{"@type":"ListItem","position":2,"name":"Convocat\u00f3ria Junta del 31\/03\/2025 Torre Confecciones, SL"}]},{"@type":"WebSite","@id":"https:\/\/torre.pt\/#website","url":"https:\/\/torre.pt\/","name":"Torre","description":"Especialista no desenvolvimento, produ\u00e7\u00e3o e revenda de vestu\u00e1rio masculino e feminino para o Mercado europeu.","publisher":{"@id":"https:\/\/torre.pt\/#organization"},"potentialAction":[{"@type":"SearchAction","target":{"@type":"EntryPoint","urlTemplate":"https:\/\/torre.pt\/?s={search_term_string}"},"query-input":"required name=search_term_string"}],"inLanguage":"en-US"},{"@type":"Organization","@id":"https:\/\/torre.pt\/#organization","name":"Torre Fashion Group","url":"https:\/\/torre.pt\/","logo":{"@type":"ImageObject","inLanguage":"en-US","@id":"https:\/\/torre.pt\/#\/schema\/logo\/image\/","url":"https:\/\/torre.pt\/wp-content\/uploads\/2021\/05\/torre_logo.png","contentUrl":"https:\/\/torre.pt\/wp-content\/uploads\/2021\/05\/torre_logo.png","width":510,"height":202,"caption":"Torre Fashion Group"},"image":{"@id":"https:\/\/torre.pt\/#\/schema\/logo\/image\/"}}]}},"_links":{"self":[{"href":"https:\/\/torre.pt\/en\/wp-json\/wp\/v2\/pages\/88785","targetHints":{"allow":["GET"]}}],"collection":[{"href":"https:\/\/torre.pt\/en\/wp-json\/wp\/v2\/pages"}],"about":[{"href":"https:\/\/torre.pt\/en\/wp-json\/wp\/v2\/types\/page"}],"author":[{"embeddable":true,"href":"https:\/\/torre.pt\/en\/wp-json\/wp\/v2\/users\/1"}],"replies":[{"embeddable":true,"href":"https:\/\/torre.pt\/en\/wp-json\/wp\/v2\/comments?post=88785"}],"version-history":[{"count":5,"href":"https:\/\/torre.pt\/en\/wp-json\/wp\/v2\/pages\/88785\/revisions"}],"predecessor-version":[{"id":89081,"href":"https:\/\/torre.pt\/en\/wp-json\/wp\/v2\/pages\/88785\/revisions\/89081"}],"wp:attachment":[{"href":"https:\/\/torre.pt\/en\/wp-json\/wp\/v2\/media?parent=88785"}],"curies":[{"name":"wp","href":"https:\/\/api.w.org\/{rel}","templated":true}]}}