{"id":88299,"date":"2021-06-08T09:49:16","date_gmt":"2021-06-08T09:49:16","guid":{"rendered":"https:\/\/torre.uid.pt\/?page_id=88299"},"modified":"2021-06-08T09:49:16","modified_gmt":"2021-06-08T09:49:16","slug":"oportunidades-de-empleo","status":"publish","type":"page","link":"https:\/\/torre.pt\/es\/oportunidades-de-empleo\/","title":{"rendered":"Oportunidades de empleo"},"content":{"rendered":"<p>[vc_row][vc_column column_width_percent=\u00bb100&#8243; align_horizontal=\u00bbalign_center\u00bb gutter_size=\u00bb3&#8243; overlay_alpha=\u00bb50&#8243; shift_x=\u00bb0&#8243; shift_y=\u00bb0&#8243; shift_y_down=\u00bb0&#8243; z_index=\u00bb0&#8243; medium_width=\u00bb0&#8243; mobile_width=\u00bb0&#8243; width=\u00bb1\/1&#8243;][vc_custom_heading heading_semantic=\u00bbh3&#8243; text_size=\u00bbh3&#8243; text_transform=\u00bbuppercase\u00bb sub_lead=\u00bbsmall\u00bb]Oportunidades de empleo[\/vc_custom_heading][\/vc_column][\/vc_row][vc_row][vc_column width=\u00bb1\/1&#8243;][vc_raw_html]JTIwJTVCam9icG9zdCU1RCUyMA==[\/vc_raw_html][\/vc_column][\/vc_row][vc_row][vc_column width=\u00bb1\/4&#8243;][\/vc_column][vc_column column_width_percent=\u00bb100&#8243; align_horizontal=\u00bbalign_center\u00bb gutter_size=\u00bb3&#8243; overlay_alpha=\u00bb50&#8243; shift_x=\u00bb0&#8243; shift_y=\u00bb0&#8243; shift_y_down=\u00bb0&#8243; z_index=\u00bb0&#8243; medium_width=\u00bb0&#8243; mobile_width=\u00bb0&#8243; width=\u00bb1\/2&#8243;][vc_custom_heading heading_semantic=\u00bbh3&#8243; text_size=\u00bbh3&#8243; sub_lead=\u00bbsmall\u00bb subheading=\u00bbCandidatate ahora con nuestra aplicaci\u00f3n de trabajo espont\u00e1nea!\u00bb]\u00bfNo hay oportunidades disponibles?[\/vc_custom_heading][\/vc_column][vc_column width=\u00bb1\/4&#8243;][\/vc_column][\/vc_row][vc_row][vc_column width=\u00bb1\/4&#8243;][\/vc_column][vc_column column_width_percent=\u00bb100&#8243; gutter_size=\u00bb3&#8243; overlay_alpha=\u00bb50&#8243; shift_x=\u00bb0&#8243; shift_y=\u00bb0&#8243; shift_y_down=\u00bb0&#8243; z_index=\u00bb0&#8243; medium_width=\u00bb0&#8243; mobile_width=\u00bb0&#8243; width=\u00bb1\/2&#8243;]\n<div class=\"wpcf7 no-js\" id=\"wpcf7-f88099-o1\" lang=\"pt-PT\" dir=\"ltr\">\n<div class=\"screen-reader-response\"><p role=\"status\" aria-live=\"polite\" aria-atomic=\"true\"><\/p> <ul><\/ul><\/div>\n<form action=\"\/es\/wp-json\/wp\/v2\/pages\/88299#wpcf7-f88099-o1\" method=\"post\" class=\"wpcf7-form init\" aria-label=\"Formul\u00e1rio de contacto\" enctype=\"multipart\/form-data\" novalidate=\"novalidate\" data-status=\"init\">\n<div style=\"display: none;\">\n<input type=\"hidden\" name=\"_wpcf7\" value=\"88099\" \/>\n<input type=\"hidden\" name=\"_wpcf7_version\" value=\"5.9.5\" \/>\n<input type=\"hidden\" name=\"_wpcf7_locale\" value=\"pt_PT\" \/>\n<input type=\"hidden\" name=\"_wpcf7_unit_tag\" value=\"wpcf7-f88099-o1\" \/>\n<input type=\"hidden\" name=\"_wpcf7_container_post\" value=\"0\" \/>\n<input type=\"hidden\" name=\"_wpcf7_posted_data_hash\" value=\"\" \/>\n<\/div>\n<p><span class=\"wpcf7-form-control-wrap\" data-name=\"your-fullname\"><input size=\"40\" class=\"wpcf7-form-control wpcf7-text wpcf7-validates-as-required form-fluid\" aria-required=\"true\" aria-invalid=\"false\" placeholder=\"nome *\" value=\"\" type=\"text\" name=\"your-fullname\" \/><\/span>\n<\/p>\n<div class=\"wpcf7-inline-wrapper\">\n\t<p class=\"wpcf7-inline-field\"><span class=\"wpcf7-form-control-wrap\" data-name=\"your-email\"><input size=\"40\" class=\"wpcf7-form-control wpcf7-email wpcf7-validates-as-required wpcf7-text wpcf7-validates-as-email\" aria-required=\"true\" aria-invalid=\"false\" placeholder=\"email *\" value=\"\" type=\"email\" name=\"your-email\" \/><\/span>\n\t<\/p>\n\t<p class=\"wpcf7-inline-field\"><span class=\"wpcf7-form-control-wrap\" data-name=\"assunto\"><input size=\"40\" class=\"wpcf7-form-control wpcf7-text wpcf7-validates-as-required form-fluid\" aria-required=\"true\" aria-invalid=\"false\" placeholder=\"assunto *\" value=\"\" type=\"text\" name=\"assunto\" \/><\/span>\n\t<\/p>\n<\/div>\n<p><span class=\"wpcf7-form-control-wrap\" data-name=\"area\"><select class=\"wpcf7-form-control wpcf7-select\" aria-invalid=\"false\" name=\"area\"><option value=\"Marketing\">Marketing<\/option><option value=\"Contabilidade e Financeiro\">Contabilidade e Financeiro<\/option><option value=\"Produ\u00e7\u00e3o\">Produ\u00e7\u00e3o<\/option><option value=\"Design e Moda\">Design e Moda<\/option><option value=\"Planeamento ou Modulagem\">Planeamento ou Modulagem<\/option><\/select><\/span>\n<\/p>\n<p><label for=\"file-883\" class=\"custom-file-upload\"><i class=\"fa fa-cloud-upload\"><\/i>CV<span class=\"wpcf7-form-control-wrap\" data-name=\"file-883\"><input size=\"40\" class=\"wpcf7-form-control wpcf7-file wpcf7-validates-as-required\" id=\"file-883\" accept=\"audio\/*,video\/*,image\/*\" aria-required=\"true\" aria-invalid=\"false\" type=\"file\" name=\"file-883\" \/><\/span><\/label>\n<\/p>\n<p><span class=\"wpcf7-form-control-wrap\" data-name=\"your-message\"><textarea cols=\"40\" rows=\"8\" class=\"wpcf7-form-control wpcf7-textarea\" aria-invalid=\"false\" placeholder=\"a sua mensagem\" name=\"your-message\"><\/textarea><\/span>\n<\/p>\n<p><span class=\"wpcf7-form-control-wrap\" data-name=\"acceptance-828\"><span class=\"wpcf7-form-control wpcf7-acceptance\"><span class=\"wpcf7-list-item\"><label><input type=\"checkbox\" name=\"acceptance-828\" value=\"1\" aria-invalid=\"false\" \/><span class=\"wpcf7-list-item-label\">Autorizo o tratamento dos dados recolhidos no presente formul\u00e1rio. Consulte a nossa <a href=\"\/politica-privacidade\/\">Pol\u00edtica de Privacidade e Prote\u00e7\u00e3o de Dados<\/a><\/span><\/label><\/span><\/span><\/span>\n<\/p>\n<p><input class=\"wpcf7-form-control wpcf7-submit has-spinner btn btn-outline-secondary btn-sm\" type=\"submit\" value=\"submeter formul\u00e1rio\" \/>\n<\/p><div class=\"wpcf7-response-output\" aria-hidden=\"true\"><\/div>\n<\/form>\n<\/div>\n[\/vc_column][vc_column width=\u00bb1\/4&#8243;][\/vc_column][\/vc_row][vc_row][vc_column width=\u00bb1\/1&#8243;][\/vc_column][\/vc_row]<\/p>\n","protected":false},"excerpt":{"rendered":"<p>[vc_row][vc_column column_width_percent=\u00bb100&#8243; align_horizontal=\u00bbalign_center\u00bb gutter_size=\u00bb3&#8243; overlay_alpha=\u00bb50&#8243; shift_x=\u00bb0&#8243; shift_y=\u00bb0&#8243; shift_y_down=\u00bb0&#8243; z_index=\u00bb0&#8243; medium_width=\u00bb0&#8243; mobile_width=\u00bb0&#8243; width=\u00bb1\/1&#8243;][vc_custom_heading heading_semantic=\u00bbh3&#8243; text_size=\u00bbh3&#8243; text_transform=\u00bbuppercase\u00bb sub_lead=\u00bbsmall\u00bb]Oportunidades de empleo[\/vc_custom_heading][\/vc_column][\/vc_row][vc_row][vc_column width=\u00bb1\/1&#8243;][vc_raw_html]JTIwJTVCam9icG9zdCU1RCUyMA==[\/vc_raw_html][\/vc_column][\/vc_row][vc_row][vc_column width=\u00bb1\/4&#8243;][\/vc_column][vc_column [&hellip;]<\/p>\n","protected":false},"author":1,"featured_media":0,"parent":0,"menu_order":0,"comment_status":"closed","ping_status":"closed","template":"","meta":{"content-type":"","footnotes":""},"class_list":["post-88299","page","type-page","status-publish","hentry"],"yoast_head":"<!-- This site is optimized with the Yoast SEO plugin v22.8 - https:\/\/yoast.com\/wordpress\/plugins\/seo\/ -->\n<title>Oportunidades de empleo - Torre<\/title>\n<meta name=\"robots\" content=\"index, follow, max-snippet:-1, max-image-preview:large, max-video-preview:-1\" \/>\n<link rel=\"canonical\" href=\"https:\/\/torre.pt\/es\/oportunidades-de-empleo\/\" \/>\n<meta property=\"og:locale\" content=\"es_ES\" \/>\n<meta property=\"og:type\" content=\"article\" \/>\n<meta property=\"og:title\" content=\"Oportunidades de empleo - Torre\" \/>\n<meta property=\"og:description\" content=\"[vc_row][vc_column column_width_percent=\u00bb100&#8243; align_horizontal=\u00bbalign_center\u00bb gutter_size=\u00bb3&#8243; overlay_alpha=\u00bb50&#8243; shift_x=\u00bb0&#8243; shift_y=\u00bb0&#8243; shift_y_down=\u00bb0&#8243; z_index=\u00bb0&#8243; medium_width=\u00bb0&#8243; mobile_width=\u00bb0&#8243; width=\u00bb1\/1&#8243;][vc_custom_heading heading_semantic=\u00bbh3&#8243; text_size=\u00bbh3&#8243; text_transform=\u00bbuppercase\u00bb sub_lead=\u00bbsmall\u00bb]Oportunidades de empleo[\/vc_custom_heading][\/vc_column][\/vc_row][vc_row][vc_column width=\u00bb1\/1&#8243;][vc_raw_html]JTIwJTVCam9icG9zdCU1RCUyMA==[\/vc_raw_html][\/vc_column][\/vc_row][vc_row][vc_column width=\u00bb1\/4&#8243;][\/vc_column][vc_column [&hellip;]\" \/>\n<meta property=\"og:url\" content=\"https:\/\/torre.pt\/es\/oportunidades-de-empleo\/\" \/>\n<meta property=\"og:site_name\" content=\"Torre\" \/>\n<meta name=\"twitter:card\" content=\"summary_large_image\" \/>\n<meta name=\"twitter:label1\" content=\"Tiempo de lectura\" \/>\n\t<meta name=\"twitter:data1\" content=\"1 minuto\" \/>\n<script type=\"application\/ld+json\" class=\"yoast-schema-graph\">{\"@context\":\"https:\/\/schema.org\",\"@graph\":[{\"@type\":\"WebPage\",\"@id\":\"https:\/\/torre.pt\/es\/oportunidades-de-empleo\/\",\"url\":\"https:\/\/torre.pt\/es\/oportunidades-de-empleo\/\",\"name\":\"Oportunidades de empleo - Torre\",\"isPartOf\":{\"@id\":\"https:\/\/torre.pt\/#website\"},\"datePublished\":\"2021-06-08T09:49:16+00:00\",\"dateModified\":\"2021-06-08T09:49:16+00:00\",\"breadcrumb\":{\"@id\":\"https:\/\/torre.pt\/es\/oportunidades-de-empleo\/#breadcrumb\"},\"inLanguage\":\"es\",\"potentialAction\":[{\"@type\":\"ReadAction\",\"target\":[\"https:\/\/torre.pt\/es\/oportunidades-de-empleo\/\"]}]},{\"@type\":\"BreadcrumbList\",\"@id\":\"https:\/\/torre.pt\/es\/oportunidades-de-empleo\/#breadcrumb\",\"itemListElement\":[{\"@type\":\"ListItem\",\"position\":1,\"name\":\"In\u00edcio\",\"item\":\"https:\/\/torre.pt\/es\/\"},{\"@type\":\"ListItem\",\"position\":2,\"name\":\"Oportunidades de empleo\"}]},{\"@type\":\"WebSite\",\"@id\":\"https:\/\/torre.pt\/#website\",\"url\":\"https:\/\/torre.pt\/\",\"name\":\"Torre\",\"description\":\"Especialista no desenvolvimento, produ\u00e7\u00e3o e revenda de vestu\u00e1rio masculino e feminino para o Mercado europeu.\",\"publisher\":{\"@id\":\"https:\/\/torre.pt\/#organization\"},\"potentialAction\":[{\"@type\":\"SearchAction\",\"target\":{\"@type\":\"EntryPoint\",\"urlTemplate\":\"https:\/\/torre.pt\/?s={search_term_string}\"},\"query-input\":\"required name=search_term_string\"}],\"inLanguage\":\"es\"},{\"@type\":\"Organization\",\"@id\":\"https:\/\/torre.pt\/#organization\",\"name\":\"Torre Fashion Group\",\"url\":\"https:\/\/torre.pt\/\",\"logo\":{\"@type\":\"ImageObject\",\"inLanguage\":\"es\",\"@id\":\"https:\/\/torre.pt\/#\/schema\/logo\/image\/\",\"url\":\"https:\/\/torre.pt\/wp-content\/uploads\/2021\/05\/torre_logo.png\",\"contentUrl\":\"https:\/\/torre.pt\/wp-content\/uploads\/2021\/05\/torre_logo.png\",\"width\":510,\"height\":202,\"caption\":\"Torre Fashion Group\"},\"image\":{\"@id\":\"https:\/\/torre.pt\/#\/schema\/logo\/image\/\"}}]}<\/script>\n<!-- \/ Yoast SEO plugin. -->","yoast_head_json":{"title":"Oportunidades de empleo - Torre","robots":{"index":"index","follow":"follow","max-snippet":"max-snippet:-1","max-image-preview":"max-image-preview:large","max-video-preview":"max-video-preview:-1"},"canonical":"https:\/\/torre.pt\/es\/oportunidades-de-empleo\/","og_locale":"es_ES","og_type":"article","og_title":"Oportunidades de empleo - Torre","og_description":"[vc_row][vc_column column_width_percent=\u00bb100&#8243; align_horizontal=\u00bbalign_center\u00bb gutter_size=\u00bb3&#8243; overlay_alpha=\u00bb50&#8243; shift_x=\u00bb0&#8243; shift_y=\u00bb0&#8243; shift_y_down=\u00bb0&#8243; z_index=\u00bb0&#8243; medium_width=\u00bb0&#8243; mobile_width=\u00bb0&#8243; width=\u00bb1\/1&#8243;][vc_custom_heading heading_semantic=\u00bbh3&#8243; text_size=\u00bbh3&#8243; text_transform=\u00bbuppercase\u00bb sub_lead=\u00bbsmall\u00bb]Oportunidades de empleo[\/vc_custom_heading][\/vc_column][\/vc_row][vc_row][vc_column width=\u00bb1\/1&#8243;][vc_raw_html]JTIwJTVCam9icG9zdCU1RCUyMA==[\/vc_raw_html][\/vc_column][\/vc_row][vc_row][vc_column width=\u00bb1\/4&#8243;][\/vc_column][vc_column [&hellip;]","og_url":"https:\/\/torre.pt\/es\/oportunidades-de-empleo\/","og_site_name":"Torre","twitter_card":"summary_large_image","twitter_misc":{"Tiempo de lectura":"1 minuto"},"schema":{"@context":"https:\/\/schema.org","@graph":[{"@type":"WebPage","@id":"https:\/\/torre.pt\/es\/oportunidades-de-empleo\/","url":"https:\/\/torre.pt\/es\/oportunidades-de-empleo\/","name":"Oportunidades de empleo - Torre","isPartOf":{"@id":"https:\/\/torre.pt\/#website"},"datePublished":"2021-06-08T09:49:16+00:00","dateModified":"2021-06-08T09:49:16+00:00","breadcrumb":{"@id":"https:\/\/torre.pt\/es\/oportunidades-de-empleo\/#breadcrumb"},"inLanguage":"es","potentialAction":[{"@type":"ReadAction","target":["https:\/\/torre.pt\/es\/oportunidades-de-empleo\/"]}]},{"@type":"BreadcrumbList","@id":"https:\/\/torre.pt\/es\/oportunidades-de-empleo\/#breadcrumb","itemListElement":[{"@type":"ListItem","position":1,"name":"In\u00edcio","item":"https:\/\/torre.pt\/es\/"},{"@type":"ListItem","position":2,"name":"Oportunidades de empleo"}]},{"@type":"WebSite","@id":"https:\/\/torre.pt\/#website","url":"https:\/\/torre.pt\/","name":"Torre","description":"Especialista no desenvolvimento, produ\u00e7\u00e3o e revenda de vestu\u00e1rio masculino e feminino para o Mercado europeu.","publisher":{"@id":"https:\/\/torre.pt\/#organization"},"potentialAction":[{"@type":"SearchAction","target":{"@type":"EntryPoint","urlTemplate":"https:\/\/torre.pt\/?s={search_term_string}"},"query-input":"required name=search_term_string"}],"inLanguage":"es"},{"@type":"Organization","@id":"https:\/\/torre.pt\/#organization","name":"Torre Fashion Group","url":"https:\/\/torre.pt\/","logo":{"@type":"ImageObject","inLanguage":"es","@id":"https:\/\/torre.pt\/#\/schema\/logo\/image\/","url":"https:\/\/torre.pt\/wp-content\/uploads\/2021\/05\/torre_logo.png","contentUrl":"https:\/\/torre.pt\/wp-content\/uploads\/2021\/05\/torre_logo.png","width":510,"height":202,"caption":"Torre Fashion Group"},"image":{"@id":"https:\/\/torre.pt\/#\/schema\/logo\/image\/"}}]}},"_links":{"self":[{"href":"https:\/\/torre.pt\/es\/wp-json\/wp\/v2\/pages\/88299","targetHints":{"allow":["GET"]}}],"collection":[{"href":"https:\/\/torre.pt\/es\/wp-json\/wp\/v2\/pages"}],"about":[{"href":"https:\/\/torre.pt\/es\/wp-json\/wp\/v2\/types\/page"}],"author":[{"embeddable":true,"href":"https:\/\/torre.pt\/es\/wp-json\/wp\/v2\/users\/1"}],"replies":[{"embeddable":true,"href":"https:\/\/torre.pt\/es\/wp-json\/wp\/v2\/comments?post=88299"}],"version-history":[{"count":0,"href":"https:\/\/torre.pt\/es\/wp-json\/wp\/v2\/pages\/88299\/revisions"}],"wp:attachment":[{"href":"https:\/\/torre.pt\/es\/wp-json\/wp\/v2\/media?parent=88299"}],"curies":[{"name":"wp","href":"https:\/\/api.w.org\/{rel}","templated":true}]}}