{"id":88315,"date":"2021-06-08T10:00:59","date_gmt":"2021-06-08T10:00:59","guid":{"rendered":"https:\/\/torre.uid.pt\/?page_id=88315"},"modified":"2022-03-04T09:34:41","modified_gmt":"2022-03-04T09:34:41","slug":"contactos","status":"publish","type":"page","link":"https:\/\/torre.pt\/es\/contactos\/","title":{"rendered":"Contactos"},"content":{"rendered":"<p>[vc_row unlock_row_content=\u00bbyes\u00bb row_height_percent=\u00bb60&#8243; override_padding=\u00bbyes\u00bb h_padding=\u00bb0&#8243; top_padding=\u00bb0&#8243; bottom_padding=\u00bb0&#8243; overlay_alpha=\u00bb100&#8243; gutter_size=\u00bb3&#8243; shift_y=\u00bb0&#8243;][vc_column column_width_percent=\u00bb100&#8243; position_horizontal=\u00bbleft\u00bb gutter_size=\u00bb3&#8243; expand_height=\u00bbyes\u00bb overlay_alpha=\u00bb100&#8243; shift_x=\u00bb0&#8243; shift_y=\u00bb0&#8243; medium_width=\u00bb0&#8243; zoom_width=\u00bb0&#8243; zoom_height=\u00bb0&#8243; width=\u00bb1\/1&#8243; mobile_height=\u00bb250&#8243;][vc_gmaps map_color=\u00bbcolor-nhtu\u00bb ui_color=\u00bbcolor-rgdb\u00bb zoom=\u00bb15&#8243; map_saturation=\u00bb-20&#8243; map_brightness=\u00bb0&#8243; latlon=\u00bb40.3775657, -7.3392162&#8243;][\/vc_column][\/vc_row][vc_row row_height_percent=\u00bb0&#8243; override_padding=\u00bbyes\u00bb h_padding=\u00bb2&#8243; top_padding=\u00bb5&#8243; bottom_padding=\u00bb5&#8243; overlay_alpha=\u00bb100&#8243; gutter_size=\u00bb100&#8243; column_width_percent=\u00bb100&#8243; shift_y=\u00bb0&#8243; z_index=\u00bb0&#8243; style=\u00bbinherited\u00bb][vc_column column_width_use_pixel=\u00bbyes\u00bb gutter_size=\u00bb4&#8243; overlay_alpha=\u00bb100&#8243; shift_x=\u00bb0&#8243; shift_y=\u00bb0&#8243; shift_y_down=\u00bb0&#8243; z_index=\u00bb0&#8243; medium_width=\u00bb100&#8243; mobile_width=\u00bb0&#8243; zoom_width=\u00bb0&#8243; zoom_height=\u00bb0&#8243; width=\u00bb1\/2&#8243; column_width_pixel=\u00bb1400&#8243;][vc_row_inner][vc_column_inner width=\u00bb1\/2&#8243;][vc_icon icon=\u00bbfa fa-map-marker\u00bb icon_color=\u00bbcolor-wvjs\u00bb size=\u00bbfa-3x\u00bb heading_semantic=\u00bbh5&#8243; text_size=\u00bbh4&#8243; text_space=\u00bbfontspace-111509&#8243; text_reduced=\u00bbyes\u00bb title=\u00bbPortugal &amp; Export\u00bb link_text=\u00bbinfo@yoursite.com\u00bb]TORRE, SA<br \/>\n6250-151 Colmeal da Torre<\/p>\n<p>T: +351 275 910 066<br \/>\nE: pt@torre.pt[\/vc_icon][\/vc_column_inner][vc_column_inner width=\u00bb1\/2&#8243;][vc_icon icon=\u00bbfa fa-map-marker\u00bb icon_color=\u00bbcolor-wvjs\u00bb size=\u00bbfa-3x\u00bb heading_semantic=\u00bbh5&#8243; text_size=\u00bbh4&#8243; text_space=\u00bbfontspace-111509&#8243; text_reduced=\u00bbyes\u00bb title=\u00bbUnited Kingdom &amp; Ireland\u00bb link_text=\u00bbinfo@yoursite.com\u00bb]Torre UK, LTD<br \/>\nUnit 12 Fleet Business Park<br \/>\nSandy Lane<br \/>\nChurch Crookham, Fleet<br \/>\nHants.GU52 8BF<br \/>\nUnited Kingdom<\/p>\n<p>T: +44 20 3608 0560<br \/>\nE: en@torre.pt[\/vc_icon][\/vc_column_inner][\/vc_row_inner][\/vc_column][vc_column width=\u00bb1\/2&#8243;][vc_custom_heading text_transform=\u00bbuppercase\u00bb sub_lead=\u00bbyes\u00bb sub_reduced=\u00bbyes\u00bb text_align=\u00bbtext-center\u00bb]Formulario de contacto[\/vc_custom_heading]\n<div class=\"wpcf7 no-js\" id=\"wpcf7-f88192-o1\" lang=\"pt-PT\" dir=\"ltr\">\n<div class=\"screen-reader-response\"><p role=\"status\" aria-live=\"polite\" aria-atomic=\"true\"><\/p> <ul><\/ul><\/div>\n<form action=\"\/es\/wp-json\/wp\/v2\/pages\/88315#wpcf7-f88192-o1\" method=\"post\" class=\"wpcf7-form init input-background\" aria-label=\"Formul\u00e1rio de contacto\" novalidate=\"novalidate\" data-status=\"init\">\n<div style=\"display: none;\">\n<input type=\"hidden\" name=\"_wpcf7\" value=\"88192\" \/>\n<input type=\"hidden\" name=\"_wpcf7_version\" value=\"5.9.5\" \/>\n<input type=\"hidden\" name=\"_wpcf7_locale\" value=\"pt_PT\" \/>\n<input type=\"hidden\" name=\"_wpcf7_unit_tag\" value=\"wpcf7-f88192-o1\" \/>\n<input type=\"hidden\" name=\"_wpcf7_container_post\" value=\"0\" \/>\n<input type=\"hidden\" name=\"_wpcf7_posted_data_hash\" value=\"\" \/>\n<\/div>\n<p><span class=\"wpcf7-form-control-wrap\" data-name=\"your-fullname\"><input size=\"40\" class=\"wpcf7-form-control wpcf7-text wpcf7-validates-as-required form-fluid\" aria-required=\"true\" aria-invalid=\"false\" placeholder=\"nome *\" value=\"\" type=\"text\" name=\"your-fullname\" \/><\/span>\n<\/p>\n<p><span class=\"wpcf7-form-control-wrap\" data-name=\"your-email\"><input size=\"40\" class=\"wpcf7-form-control wpcf7-email wpcf7-validates-as-required wpcf7-text wpcf7-validates-as-email\" aria-required=\"true\" aria-invalid=\"false\" placeholder=\"email *\" value=\"\" type=\"email\" name=\"your-email\" \/><\/span>\n<\/p>\n<p><span class=\"wpcf7-form-control-wrap\" data-name=\"assunto\"><select class=\"wpcf7-form-control wpcf7-select\" aria-invalid=\"false\" name=\"assunto\"><option value=\"encontrar uma loja\" selected=\"selected\">encontrar uma loja<\/option><option value=\"comercial\">comercial<\/option><option value=\"geral\">geral<\/option><\/select><\/span>\n<\/p>\n<p><span class=\"wpcf7-form-control-wrap\" data-name=\"your-message\"><textarea cols=\"40\" rows=\"8\" class=\"wpcf7-form-control wpcf7-textarea\" aria-invalid=\"false\" placeholder=\"a sua mensagem\" name=\"your-message\"><\/textarea><\/span>\n<\/p>\n<p><span class=\"wpcf7-form-control-wrap\" data-name=\"acceptance-828\"><span class=\"wpcf7-form-control wpcf7-acceptance\"><span class=\"wpcf7-list-item\"><label><input type=\"checkbox\" name=\"acceptance-828\" value=\"1\" aria-invalid=\"false\" \/><span class=\"wpcf7-list-item-label\">Autorizo o tratamento dos dados recolhidos no presente formul\u00e1rio. Consulte a nossa <a href=\"\/politica-privacidade\/\">Pol\u00edtica de Privacidade e Prote\u00e7\u00e3o de Dados<\/a><\/span><\/label><\/span><\/span><\/span>\n<\/p>\n<p><input class=\"wpcf7-form-control wpcf7-submit has-spinner btn btn-default btn-outline btn-sm\" type=\"submit\" value=\"enviar mensagem\" \/>\n<\/p><div class=\"wpcf7-response-output\" aria-hidden=\"true\"><\/div>\n<\/form>\n<\/div>\n[\/vc_column][\/vc_row][vc_row][vc_column width=\u00bb1\/1&#8243;][\/vc_column][\/vc_row]<\/p>\n","protected":false},"excerpt":{"rendered":"<p>If you&#8217;d like to discuss working with us, find out more about the range of services we have to offer, or just want to have a chat, please get in touch.<\/p>\n","protected":false},"author":1,"featured_media":0,"parent":0,"menu_order":0,"comment_status":"open","ping_status":"closed","template":"","meta":{"content-type":"","footnotes":""},"class_list":["post-88315","page","type-page","status-publish","hentry"],"yoast_head":"<!-- This site is optimized with the Yoast SEO plugin v22.8 - https:\/\/yoast.com\/wordpress\/plugins\/seo\/ -->\n<title>Contactos - Torre<\/title>\n<meta name=\"robots\" content=\"index, follow, max-snippet:-1, max-image-preview:large, max-video-preview:-1\" \/>\n<link rel=\"canonical\" href=\"https:\/\/torre.pt\/es\/contactos\/\" \/>\n<meta property=\"og:locale\" content=\"es_ES\" \/>\n<meta property=\"og:type\" content=\"article\" \/>\n<meta property=\"og:title\" content=\"Contactos - Torre\" \/>\n<meta property=\"og:description\" content=\"If you&#039;d like to discuss working with us, find out more about the range of services we have to offer, or just want to have a chat, please get in touch.\" \/>\n<meta property=\"og:url\" content=\"https:\/\/torre.pt\/es\/contactos\/\" \/>\n<meta property=\"og:site_name\" content=\"Torre\" \/>\n<meta property=\"article:modified_time\" content=\"2022-03-04T09:34:41+00:00\" \/>\n<meta name=\"twitter:card\" content=\"summary_large_image\" \/>\n<meta name=\"twitter:label1\" content=\"Tiempo de lectura\" \/>\n\t<meta name=\"twitter:data1\" content=\"1 minuto\" \/>\n<script type=\"application\/ld+json\" class=\"yoast-schema-graph\">{\"@context\":\"https:\/\/schema.org\",\"@graph\":[{\"@type\":\"WebPage\",\"@id\":\"https:\/\/torre.pt\/es\/contactos\/\",\"url\":\"https:\/\/torre.pt\/es\/contactos\/\",\"name\":\"Contactos - Torre\",\"isPartOf\":{\"@id\":\"https:\/\/torre.pt\/#website\"},\"datePublished\":\"2021-06-08T10:00:59+00:00\",\"dateModified\":\"2022-03-04T09:34:41+00:00\",\"breadcrumb\":{\"@id\":\"https:\/\/torre.pt\/es\/contactos\/#breadcrumb\"},\"inLanguage\":\"es\",\"potentialAction\":[{\"@type\":\"ReadAction\",\"target\":[\"https:\/\/torre.pt\/es\/contactos\/\"]}]},{\"@type\":\"BreadcrumbList\",\"@id\":\"https:\/\/torre.pt\/es\/contactos\/#breadcrumb\",\"itemListElement\":[{\"@type\":\"ListItem\",\"position\":1,\"name\":\"In\u00edcio\",\"item\":\"https:\/\/torre.pt\/es\/\"},{\"@type\":\"ListItem\",\"position\":2,\"name\":\"Contactos\"}]},{\"@type\":\"WebSite\",\"@id\":\"https:\/\/torre.pt\/#website\",\"url\":\"https:\/\/torre.pt\/\",\"name\":\"Torre\",\"description\":\"Especialista no desenvolvimento, produ\u00e7\u00e3o e revenda de vestu\u00e1rio masculino e feminino para o Mercado europeu.\",\"publisher\":{\"@id\":\"https:\/\/torre.pt\/#organization\"},\"potentialAction\":[{\"@type\":\"SearchAction\",\"target\":{\"@type\":\"EntryPoint\",\"urlTemplate\":\"https:\/\/torre.pt\/?s={search_term_string}\"},\"query-input\":\"required name=search_term_string\"}],\"inLanguage\":\"es\"},{\"@type\":\"Organization\",\"@id\":\"https:\/\/torre.pt\/#organization\",\"name\":\"Torre Fashion Group\",\"url\":\"https:\/\/torre.pt\/\",\"logo\":{\"@type\":\"ImageObject\",\"inLanguage\":\"es\",\"@id\":\"https:\/\/torre.pt\/#\/schema\/logo\/image\/\",\"url\":\"https:\/\/torre.pt\/wp-content\/uploads\/2021\/05\/torre_logo.png\",\"contentUrl\":\"https:\/\/torre.pt\/wp-content\/uploads\/2021\/05\/torre_logo.png\",\"width\":510,\"height\":202,\"caption\":\"Torre Fashion Group\"},\"image\":{\"@id\":\"https:\/\/torre.pt\/#\/schema\/logo\/image\/\"}}]}<\/script>\n<!-- \/ Yoast SEO plugin. -->","yoast_head_json":{"title":"Contactos - Torre","robots":{"index":"index","follow":"follow","max-snippet":"max-snippet:-1","max-image-preview":"max-image-preview:large","max-video-preview":"max-video-preview:-1"},"canonical":"https:\/\/torre.pt\/es\/contactos\/","og_locale":"es_ES","og_type":"article","og_title":"Contactos - Torre","og_description":"If you'd like to discuss working with us, find out more about the range of services we have to offer, or just want to have a chat, please get in touch.","og_url":"https:\/\/torre.pt\/es\/contactos\/","og_site_name":"Torre","article_modified_time":"2022-03-04T09:34:41+00:00","twitter_card":"summary_large_image","twitter_misc":{"Tiempo de lectura":"1 minuto"},"schema":{"@context":"https:\/\/schema.org","@graph":[{"@type":"WebPage","@id":"https:\/\/torre.pt\/es\/contactos\/","url":"https:\/\/torre.pt\/es\/contactos\/","name":"Contactos - Torre","isPartOf":{"@id":"https:\/\/torre.pt\/#website"},"datePublished":"2021-06-08T10:00:59+00:00","dateModified":"2022-03-04T09:34:41+00:00","breadcrumb":{"@id":"https:\/\/torre.pt\/es\/contactos\/#breadcrumb"},"inLanguage":"es","potentialAction":[{"@type":"ReadAction","target":["https:\/\/torre.pt\/es\/contactos\/"]}]},{"@type":"BreadcrumbList","@id":"https:\/\/torre.pt\/es\/contactos\/#breadcrumb","itemListElement":[{"@type":"ListItem","position":1,"name":"In\u00edcio","item":"https:\/\/torre.pt\/es\/"},{"@type":"ListItem","position":2,"name":"Contactos"}]},{"@type":"WebSite","@id":"https:\/\/torre.pt\/#website","url":"https:\/\/torre.pt\/","name":"Torre","description":"Especialista no desenvolvimento, produ\u00e7\u00e3o e revenda de vestu\u00e1rio masculino e feminino para o Mercado europeu.","publisher":{"@id":"https:\/\/torre.pt\/#organization"},"potentialAction":[{"@type":"SearchAction","target":{"@type":"EntryPoint","urlTemplate":"https:\/\/torre.pt\/?s={search_term_string}"},"query-input":"required name=search_term_string"}],"inLanguage":"es"},{"@type":"Organization","@id":"https:\/\/torre.pt\/#organization","name":"Torre Fashion Group","url":"https:\/\/torre.pt\/","logo":{"@type":"ImageObject","inLanguage":"es","@id":"https:\/\/torre.pt\/#\/schema\/logo\/image\/","url":"https:\/\/torre.pt\/wp-content\/uploads\/2021\/05\/torre_logo.png","contentUrl":"https:\/\/torre.pt\/wp-content\/uploads\/2021\/05\/torre_logo.png","width":510,"height":202,"caption":"Torre Fashion Group"},"image":{"@id":"https:\/\/torre.pt\/#\/schema\/logo\/image\/"}}]}},"_links":{"self":[{"href":"https:\/\/torre.pt\/es\/wp-json\/wp\/v2\/pages\/88315","targetHints":{"allow":["GET"]}}],"collection":[{"href":"https:\/\/torre.pt\/es\/wp-json\/wp\/v2\/pages"}],"about":[{"href":"https:\/\/torre.pt\/es\/wp-json\/wp\/v2\/types\/page"}],"author":[{"embeddable":true,"href":"https:\/\/torre.pt\/es\/wp-json\/wp\/v2\/users\/1"}],"replies":[{"embeddable":true,"href":"https:\/\/torre.pt\/es\/wp-json\/wp\/v2\/comments?post=88315"}],"version-history":[{"count":2,"href":"https:\/\/torre.pt\/es\/wp-json\/wp\/v2\/pages\/88315\/revisions"}],"predecessor-version":[{"id":88433,"href":"https:\/\/torre.pt\/es\/wp-json\/wp\/v2\/pages\/88315\/revisions\/88433"}],"wp:attachment":[{"href":"https:\/\/torre.pt\/es\/wp-json\/wp\/v2\/media?parent=88315"}],"curies":[{"name":"wp","href":"https:\/\/api.w.org\/{rel}","templated":true}]}}