{"id":88310,"date":"2021-06-08T09:59:29","date_gmt":"2021-06-08T09:59:29","guid":{"rendered":"https:\/\/torre.uid.pt\/?page_id=88310"},"modified":"2022-03-04T09:36:11","modified_gmt":"2022-03-04T09:36:11","slug":"contactez-nous","status":"publish","type":"page","link":"https:\/\/torre.pt\/fr\/contactez-nous\/","title":{"rendered":"Contactez Nous"},"content":{"rendered":"<p>[vc_row unlock_row_content=\u00a0\u00bbyes\u00a0\u00bb row_height_percent=\u00a0\u00bb60&Prime; override_padding=\u00a0\u00bbyes\u00a0\u00bb h_padding=\u00a0\u00bb0&Prime; top_padding=\u00a0\u00bb0&Prime; bottom_padding=\u00a0\u00bb0&Prime; overlay_alpha=\u00a0\u00bb100&Prime; gutter_size=\u00a0\u00bb3&Prime; shift_y=\u00a0\u00bb0&Prime;][vc_column column_width_percent=\u00a0\u00bb100&Prime; position_horizontal=\u00a0\u00bbleft\u00a0\u00bb gutter_size=\u00a0\u00bb3&Prime; expand_height=\u00a0\u00bbyes\u00a0\u00bb overlay_alpha=\u00a0\u00bb100&Prime; shift_x=\u00a0\u00bb0&Prime; shift_y=\u00a0\u00bb0&Prime; medium_width=\u00a0\u00bb0&Prime; zoom_width=\u00a0\u00bb0&Prime; zoom_height=\u00a0\u00bb0&Prime; width=\u00a0\u00bb1\/1&Prime; mobile_height=\u00a0\u00bb250&Prime;][vc_gmaps map_color=\u00a0\u00bbcolor-nhtu\u00a0\u00bb ui_color=\u00a0\u00bbcolor-rgdb\u00a0\u00bb zoom=\u00a0\u00bb15&Prime; map_saturation=\u00a0\u00bb-20&Prime; map_brightness=\u00a0\u00bb0&Prime; latlon=\u00a0\u00bb40.3775657, -7.3392162&Prime;][\/vc_column][\/vc_row][vc_row row_height_percent=\u00a0\u00bb0&Prime; override_padding=\u00a0\u00bbyes\u00a0\u00bb h_padding=\u00a0\u00bb2&Prime; top_padding=\u00a0\u00bb5&Prime; bottom_padding=\u00a0\u00bb5&Prime; overlay_alpha=\u00a0\u00bb100&Prime; gutter_size=\u00a0\u00bb100&Prime; column_width_percent=\u00a0\u00bb100&Prime; shift_y=\u00a0\u00bb0&Prime; z_index=\u00a0\u00bb0&Prime; style=\u00a0\u00bbinherited\u00a0\u00bb][vc_column column_width_use_pixel=\u00a0\u00bbyes\u00a0\u00bb gutter_size=\u00a0\u00bb4&Prime; overlay_alpha=\u00a0\u00bb100&Prime; shift_x=\u00a0\u00bb0&Prime; shift_y=\u00a0\u00bb0&Prime; shift_y_down=\u00a0\u00bb0&Prime; z_index=\u00a0\u00bb0&Prime; medium_width=\u00a0\u00bb100&Prime; mobile_width=\u00a0\u00bb0&Prime; zoom_width=\u00a0\u00bb0&Prime; zoom_height=\u00a0\u00bb0&Prime; width=\u00a0\u00bb1\/2&Prime; column_width_pixel=\u00a0\u00bb1400&Prime;][vc_row_inner][vc_column_inner width=\u00a0\u00bb1\/2&Prime;][vc_icon icon=\u00a0\u00bbfa fa-map-marker\u00a0\u00bb icon_color=\u00a0\u00bbcolor-wvjs\u00a0\u00bb size=\u00a0\u00bbfa-3x\u00a0\u00bb heading_semantic=\u00a0\u00bbh5&Prime; text_size=\u00a0\u00bbh4&Prime; text_space=\u00a0\u00bbfontspace-111509&Prime; text_reduced=\u00a0\u00bbyes\u00a0\u00bb title=\u00a0\u00bbPortugal &amp; Export\u00a0\u00bb link_text=\u00a0\u00bbinfo@yoursite.com\u00a0\u00bb]TORRE, SA<br \/>\n6250-151 Colmeal da Torre<\/p>\n<p>T: +351 275 910 066<br \/>\nE: pt@torre.pt[\/vc_icon][\/vc_column_inner][vc_column_inner width=\u00a0\u00bb1\/2&Prime;][vc_icon icon=\u00a0\u00bbfa fa-map-marker\u00a0\u00bb icon_color=\u00a0\u00bbcolor-wvjs\u00a0\u00bb size=\u00a0\u00bbfa-3x\u00a0\u00bb heading_semantic=\u00a0\u00bbh5&Prime; text_size=\u00a0\u00bbh4&Prime; text_space=\u00a0\u00bbfontspace-111509&Prime; text_reduced=\u00a0\u00bbyes\u00a0\u00bb title=\u00a0\u00bbUnited Kingdom &amp; Ireland\u00a0\u00bb link_text=\u00a0\u00bbinfo@yoursite.com\u00a0\u00bb]Torre UK, LTD<br \/>\nUnit 12 Fleet Business Park<br \/>\nSandy Lane<br \/>\nChurch Crookham, Fleet<br \/>\nHants.GU52 8BF<br \/>\nUnited Kingdom<\/p>\n<p>T: +44 20 3608 0560<br \/>\nE: en@torre.pt[\/vc_icon][\/vc_column_inner][\/vc_row_inner][\/vc_column][vc_column width=\u00a0\u00bb1\/2&Prime;][vc_custom_heading text_transform=\u00a0\u00bbuppercase\u00a0\u00bb sub_lead=\u00a0\u00bbyes\u00a0\u00bb sub_reduced=\u00a0\u00bbyes\u00a0\u00bb text_align=\u00a0\u00bbtext-center\u00a0\u00bb]Formulaire de contact[\/vc_custom_heading]\n<div class=\"wpcf7 no-js\" id=\"wpcf7-f88192-o1\" lang=\"pt-PT\" dir=\"ltr\">\n<div class=\"screen-reader-response\"><p role=\"status\" aria-live=\"polite\" aria-atomic=\"true\"><\/p> <ul><\/ul><\/div>\n<form action=\"\/fr\/wp-json\/wp\/v2\/pages\/88310#wpcf7-f88192-o1\" method=\"post\" class=\"wpcf7-form init input-background\" aria-label=\"Formul\u00e1rio de contacto\" novalidate=\"novalidate\" data-status=\"init\">\n<div style=\"display: none;\">\n<input type=\"hidden\" name=\"_wpcf7\" value=\"88192\" \/>\n<input type=\"hidden\" name=\"_wpcf7_version\" value=\"5.9.5\" \/>\n<input type=\"hidden\" name=\"_wpcf7_locale\" value=\"pt_PT\" \/>\n<input type=\"hidden\" name=\"_wpcf7_unit_tag\" value=\"wpcf7-f88192-o1\" \/>\n<input type=\"hidden\" name=\"_wpcf7_container_post\" value=\"0\" \/>\n<input type=\"hidden\" name=\"_wpcf7_posted_data_hash\" value=\"\" \/>\n<\/div>\n<p><span class=\"wpcf7-form-control-wrap\" data-name=\"your-fullname\"><input size=\"40\" class=\"wpcf7-form-control wpcf7-text wpcf7-validates-as-required form-fluid\" aria-required=\"true\" aria-invalid=\"false\" placeholder=\"nome *\" value=\"\" type=\"text\" name=\"your-fullname\" \/><\/span>\n<\/p>\n<p><span class=\"wpcf7-form-control-wrap\" data-name=\"your-email\"><input size=\"40\" class=\"wpcf7-form-control wpcf7-email wpcf7-validates-as-required wpcf7-text wpcf7-validates-as-email\" aria-required=\"true\" aria-invalid=\"false\" placeholder=\"email *\" value=\"\" type=\"email\" name=\"your-email\" \/><\/span>\n<\/p>\n<p><span class=\"wpcf7-form-control-wrap\" data-name=\"assunto\"><select class=\"wpcf7-form-control wpcf7-select\" aria-invalid=\"false\" name=\"assunto\"><option value=\"encontrar uma loja\" selected=\"selected\">encontrar uma loja<\/option><option value=\"comercial\">comercial<\/option><option value=\"geral\">geral<\/option><\/select><\/span>\n<\/p>\n<p><span class=\"wpcf7-form-control-wrap\" data-name=\"your-message\"><textarea cols=\"40\" rows=\"8\" class=\"wpcf7-form-control wpcf7-textarea\" aria-invalid=\"false\" placeholder=\"a sua mensagem\" name=\"your-message\"><\/textarea><\/span>\n<\/p>\n<p><span class=\"wpcf7-form-control-wrap\" data-name=\"acceptance-828\"><span class=\"wpcf7-form-control wpcf7-acceptance\"><span class=\"wpcf7-list-item\"><label><input type=\"checkbox\" name=\"acceptance-828\" value=\"1\" aria-invalid=\"false\" \/><span class=\"wpcf7-list-item-label\">Autorizo o tratamento dos dados recolhidos no presente formul\u00e1rio. Consulte a nossa <a href=\"\/politica-privacidade\/\">Pol\u00edtica de Privacidade e Prote\u00e7\u00e3o de Dados<\/a><\/span><\/label><\/span><\/span><\/span>\n<\/p>\n<p><input class=\"wpcf7-form-control wpcf7-submit has-spinner btn btn-default btn-outline btn-sm\" type=\"submit\" value=\"enviar mensagem\" \/>\n<\/p><div class=\"wpcf7-response-output\" aria-hidden=\"true\"><\/div>\n<\/form>\n<\/div>\n[\/vc_column][\/vc_row][vc_row][vc_column width=\u00a0\u00bb1\/1&Prime;][\/vc_column][\/vc_row]<\/p>\n","protected":false},"excerpt":{"rendered":"<p>If you&rsquo;d like to discuss working with us, find out more about the range of services we have to offer, or just want to have a chat, please get in touch.<\/p>\n","protected":false},"author":1,"featured_media":0,"parent":0,"menu_order":0,"comment_status":"open","ping_status":"closed","template":"","meta":{"content-type":"","footnotes":""},"class_list":["post-88310","page","type-page","status-publish","hentry"],"yoast_head":"<!-- This site is optimized with the Yoast SEO plugin v22.8 - https:\/\/yoast.com\/wordpress\/plugins\/seo\/ -->\n<title>Contactez Nous - Torre<\/title>\n<meta name=\"robots\" content=\"index, follow, max-snippet:-1, max-image-preview:large, max-video-preview:-1\" \/>\n<link rel=\"canonical\" href=\"https:\/\/torre.pt\/fr\/contactez-nous\/\" \/>\n<meta property=\"og:locale\" content=\"fr_FR\" \/>\n<meta property=\"og:type\" content=\"article\" \/>\n<meta property=\"og:title\" content=\"Contactez Nous - Torre\" \/>\n<meta property=\"og:description\" content=\"If you&#039;d like to discuss working with us, find out more about the range of services we have to offer, or just want to have a chat, please get in touch.\" \/>\n<meta property=\"og:url\" content=\"https:\/\/torre.pt\/fr\/contactez-nous\/\" \/>\n<meta property=\"og:site_name\" content=\"Torre\" \/>\n<meta property=\"article:modified_time\" content=\"2022-03-04T09:36:11+00:00\" \/>\n<meta name=\"twitter:card\" content=\"summary_large_image\" \/>\n<meta name=\"twitter:label1\" content=\"Dur\u00e9e de lecture estim\u00e9e\" \/>\n\t<meta name=\"twitter:data1\" content=\"1 minute\" \/>\n<script type=\"application\/ld+json\" class=\"yoast-schema-graph\">{\"@context\":\"https:\/\/schema.org\",\"@graph\":[{\"@type\":\"WebPage\",\"@id\":\"https:\/\/torre.pt\/fr\/contactez-nous\/\",\"url\":\"https:\/\/torre.pt\/fr\/contactez-nous\/\",\"name\":\"Contactez Nous - Torre\",\"isPartOf\":{\"@id\":\"https:\/\/torre.pt\/#website\"},\"datePublished\":\"2021-06-08T09:59:29+00:00\",\"dateModified\":\"2022-03-04T09:36:11+00:00\",\"breadcrumb\":{\"@id\":\"https:\/\/torre.pt\/fr\/contactez-nous\/#breadcrumb\"},\"inLanguage\":\"fr-FR\",\"potentialAction\":[{\"@type\":\"ReadAction\",\"target\":[\"https:\/\/torre.pt\/fr\/contactez-nous\/\"]}]},{\"@type\":\"BreadcrumbList\",\"@id\":\"https:\/\/torre.pt\/fr\/contactez-nous\/#breadcrumb\",\"itemListElement\":[{\"@type\":\"ListItem\",\"position\":1,\"name\":\"In\u00edcio\",\"item\":\"https:\/\/torre.pt\/fr\/\"},{\"@type\":\"ListItem\",\"position\":2,\"name\":\"Contactez Nous\"}]},{\"@type\":\"WebSite\",\"@id\":\"https:\/\/torre.pt\/#website\",\"url\":\"https:\/\/torre.pt\/\",\"name\":\"Torre\",\"description\":\"Especialista no desenvolvimento, produ\u00e7\u00e3o e revenda de vestu\u00e1rio masculino e feminino para o Mercado europeu.\",\"publisher\":{\"@id\":\"https:\/\/torre.pt\/#organization\"},\"potentialAction\":[{\"@type\":\"SearchAction\",\"target\":{\"@type\":\"EntryPoint\",\"urlTemplate\":\"https:\/\/torre.pt\/?s={search_term_string}\"},\"query-input\":\"required name=search_term_string\"}],\"inLanguage\":\"fr-FR\"},{\"@type\":\"Organization\",\"@id\":\"https:\/\/torre.pt\/#organization\",\"name\":\"Torre Fashion Group\",\"url\":\"https:\/\/torre.pt\/\",\"logo\":{\"@type\":\"ImageObject\",\"inLanguage\":\"fr-FR\",\"@id\":\"https:\/\/torre.pt\/#\/schema\/logo\/image\/\",\"url\":\"https:\/\/torre.pt\/wp-content\/uploads\/2021\/05\/torre_logo.png\",\"contentUrl\":\"https:\/\/torre.pt\/wp-content\/uploads\/2021\/05\/torre_logo.png\",\"width\":510,\"height\":202,\"caption\":\"Torre Fashion Group\"},\"image\":{\"@id\":\"https:\/\/torre.pt\/#\/schema\/logo\/image\/\"}}]}<\/script>\n<!-- \/ Yoast SEO plugin. -->","yoast_head_json":{"title":"Contactez Nous - Torre","robots":{"index":"index","follow":"follow","max-snippet":"max-snippet:-1","max-image-preview":"max-image-preview:large","max-video-preview":"max-video-preview:-1"},"canonical":"https:\/\/torre.pt\/fr\/contactez-nous\/","og_locale":"fr_FR","og_type":"article","og_title":"Contactez Nous - Torre","og_description":"If you'd like to discuss working with us, find out more about the range of services we have to offer, or just want to have a chat, please get in touch.","og_url":"https:\/\/torre.pt\/fr\/contactez-nous\/","og_site_name":"Torre","article_modified_time":"2022-03-04T09:36:11+00:00","twitter_card":"summary_large_image","twitter_misc":{"Dur\u00e9e de lecture estim\u00e9e":"1 minute"},"schema":{"@context":"https:\/\/schema.org","@graph":[{"@type":"WebPage","@id":"https:\/\/torre.pt\/fr\/contactez-nous\/","url":"https:\/\/torre.pt\/fr\/contactez-nous\/","name":"Contactez Nous - Torre","isPartOf":{"@id":"https:\/\/torre.pt\/#website"},"datePublished":"2021-06-08T09:59:29+00:00","dateModified":"2022-03-04T09:36:11+00:00","breadcrumb":{"@id":"https:\/\/torre.pt\/fr\/contactez-nous\/#breadcrumb"},"inLanguage":"fr-FR","potentialAction":[{"@type":"ReadAction","target":["https:\/\/torre.pt\/fr\/contactez-nous\/"]}]},{"@type":"BreadcrumbList","@id":"https:\/\/torre.pt\/fr\/contactez-nous\/#breadcrumb","itemListElement":[{"@type":"ListItem","position":1,"name":"In\u00edcio","item":"https:\/\/torre.pt\/fr\/"},{"@type":"ListItem","position":2,"name":"Contactez Nous"}]},{"@type":"WebSite","@id":"https:\/\/torre.pt\/#website","url":"https:\/\/torre.pt\/","name":"Torre","description":"Especialista no desenvolvimento, produ\u00e7\u00e3o e revenda de vestu\u00e1rio masculino e feminino para o Mercado europeu.","publisher":{"@id":"https:\/\/torre.pt\/#organization"},"potentialAction":[{"@type":"SearchAction","target":{"@type":"EntryPoint","urlTemplate":"https:\/\/torre.pt\/?s={search_term_string}"},"query-input":"required name=search_term_string"}],"inLanguage":"fr-FR"},{"@type":"Organization","@id":"https:\/\/torre.pt\/#organization","name":"Torre Fashion Group","url":"https:\/\/torre.pt\/","logo":{"@type":"ImageObject","inLanguage":"fr-FR","@id":"https:\/\/torre.pt\/#\/schema\/logo\/image\/","url":"https:\/\/torre.pt\/wp-content\/uploads\/2021\/05\/torre_logo.png","contentUrl":"https:\/\/torre.pt\/wp-content\/uploads\/2021\/05\/torre_logo.png","width":510,"height":202,"caption":"Torre Fashion Group"},"image":{"@id":"https:\/\/torre.pt\/#\/schema\/logo\/image\/"}}]}},"_links":{"self":[{"href":"https:\/\/torre.pt\/fr\/wp-json\/wp\/v2\/pages\/88310","targetHints":{"allow":["GET"]}}],"collection":[{"href":"https:\/\/torre.pt\/fr\/wp-json\/wp\/v2\/pages"}],"about":[{"href":"https:\/\/torre.pt\/fr\/wp-json\/wp\/v2\/types\/page"}],"author":[{"embeddable":true,"href":"https:\/\/torre.pt\/fr\/wp-json\/wp\/v2\/users\/1"}],"replies":[{"embeddable":true,"href":"https:\/\/torre.pt\/fr\/wp-json\/wp\/v2\/comments?post=88310"}],"version-history":[{"count":2,"href":"https:\/\/torre.pt\/fr\/wp-json\/wp\/v2\/pages\/88310\/revisions"}],"predecessor-version":[{"id":88435,"href":"https:\/\/torre.pt\/fr\/wp-json\/wp\/v2\/pages\/88310\/revisions\/88435"}],"wp:attachment":[{"href":"https:\/\/torre.pt\/fr\/wp-json\/wp\/v2\/media?parent=88310"}],"curies":[{"name":"wp","href":"https:\/\/api.w.org\/{rel}","templated":true}]}}